{"id":15,"date":"2021-08-31T15:44:35","date_gmt":"2021-08-31T15:44:35","guid":{"rendered":"https:\/\/asociacionfileteadores.com\/decimoencuentro-1\/?page_id=15"},"modified":"2021-09-12T00:00:12","modified_gmt":"2021-09-12T00:00:12","slug":"encuentro","status":"publish","type":"page","link":"https:\/\/asociacionfileteadores.com\/decimoencuentro-1\/index.php\/encuentro\/","title":{"rendered":"Encuentro"},"content":{"rendered":"\t\t<div data-elementor-type=\"wp-page\" data-elementor-id=\"15\" class=\"elementor elementor-15\">\n\t\t\t\t\t\t<section class=\"elementor-section elementor-top-section elementor-element elementor-element-1eedc8e elementor-section-boxed elementor-section-height-default elementor-section-height-default\" data-id=\"1eedc8e\" data-element_type=\"section\" data-e-type=\"section\">\n\t\t\t\t\t\t<div class=\"elementor-container elementor-column-gap-default\">\n\t\t\t\t\t<div class=\"elementor-column elementor-col-100 elementor-top-column elementor-element elementor-element-441177d\" data-id=\"441177d\" data-element_type=\"column\" data-e-type=\"column\">\n\t\t\t<div class=\"elementor-widget-wrap elementor-element-populated\">\n\t\t\t\t\t\t<div class=\"elementor-element elementor-element-594f622 elementor-widget elementor-widget-heading\" data-id=\"594f622\" data-element_type=\"widget\" data-e-type=\"widget\" data-widget_type=\"heading.default\">\n\t\t\t\t<div class=\"elementor-widget-container\">\n\t\t\t\t\t<h2 class=\"elementor-heading-title elementor-size-default\">Qu\u00e9 es el Encuentro de Fileteadores<\/h2>\t\t\t\t<\/div>\n\t\t\t\t<\/div>\n\t\t\t\t<div class=\"elementor-element elementor-element-2788e4d elementor-widget elementor-widget-image\" data-id=\"2788e4d\" data-element_type=\"widget\" data-e-type=\"widget\" data-widget_type=\"image.default\">\n\t\t\t\t<div class=\"elementor-widget-container\">\n\t\t\t\t\t\t\t\t\t\t\t\t\t\t\t<img fetchpriority=\"high\" decoding=\"async\" width=\"1024\" height=\"679\" src=\"https:\/\/asociacionfileteadores.com\/decimoencuentro-1\/wp-content\/uploads\/2021\/08\/DSC_0261-min.jpg\" class=\"attachment-large size-large wp-image-9\" alt=\"\" srcset=\"https:\/\/asociacionfileteadores.com\/decimoencuentro-1\/wp-content\/uploads\/2021\/08\/DSC_0261-min.jpg 1024w, https:\/\/asociacionfileteadores.com\/decimoencuentro-1\/wp-content\/uploads\/2021\/08\/DSC_0261-min-300x199.jpg 300w, https:\/\/asociacionfileteadores.com\/decimoencuentro-1\/wp-content\/uploads\/2021\/08\/DSC_0261-min-768x509.jpg 768w\" sizes=\"(max-width: 1024px) 100vw, 1024px\" \/>\t\t\t\t\t\t\t\t\t\t\t\t\t\t\t<\/div>\n\t\t\t\t<\/div>\n\t\t\t\t\t<\/div>\n\t\t<\/div>\n\t\t\t\t\t<\/div>\n\t\t<\/section>\n\t\t\t\t<section class=\"elementor-section elementor-top-section elementor-element elementor-element-e6fc78b elementor-section-boxed elementor-section-height-default elementor-section-height-default\" data-id=\"e6fc78b\" data-element_type=\"section\" data-e-type=\"section\">\n\t\t\t\t\t\t<div class=\"elementor-container elementor-column-gap-default\">\n\t\t\t\t\t<div class=\"elementor-column elementor-col-100 elementor-top-column elementor-element elementor-element-b723eb2\" data-id=\"b723eb2\" data-element_type=\"column\" data-e-type=\"column\">\n\t\t\t<div class=\"elementor-widget-wrap elementor-element-populated\">\n\t\t\t\t\t\t<div class=\"elementor-element elementor-element-5793720 elementor-widget elementor-widget-text-editor\" data-id=\"5793720\" data-element_type=\"widget\" data-e-type=\"widget\" data-widget_type=\"text-editor.default\">\n\t\t\t\t<div class=\"elementor-widget-container\">\n\t\t\t\t\t\t\t\t\t<section class=\"elementor-section elementor-top-section elementor-element elementor-element-bdbad9d elementor-section-boxed elementor-section-height-default elementor-section-height-default\" data-id=\"bdbad9d\" data-element_type=\"section\"><div class=\"elementor-container elementor-column-gap-default\"><div class=\"elementor-row\"><div class=\"elementor-column elementor-col-100 elementor-top-column elementor-element elementor-element-46d21d9\" data-id=\"46d21d9\" data-element_type=\"column\"><div class=\"elementor-column-wrap elementor-element-populated\"><div class=\"elementor-widget-wrap\"><div class=\"elementor-element elementor-element-73d2c71 elementor-widget elementor-widget-text-editor\" data-id=\"73d2c71\" data-element_type=\"widget\" data-widget_type=\"text-editor.default\"><div class=\"elementor-widget-container\"><div class=\"elementor-text-editor elementor-clearfix\"><p><strong>El encuentro de Fileteadores<\/strong>\u00a0es un evento anual que fue concebido con el fin de celebrar nuestro oficio, generando un espacio de intercambio entre maestros y disc\u00edpulos del Filete Porte\u00f1o. Adem\u00e1s de exponer obras, dando muestras de las diferentes etapas en el proceso y evoluci\u00f3n de los fileteadores, se convoca a figuras y especialistas en variados aspectos de la materia para compartir sus saberes con la comunidad, estimulando el desarrollo de nuestro arte y garantizando su preservaci\u00f3n.<\/p><p>Invitamos por <strong>d\u00e9cima vez<\/strong> consecutiva a todo el p\u00fablico amante del <strong>Filete Porte\u00f1o<\/strong> a compartir esta celebraci\u00f3n, que consistir\u00e1 en una muestra abierta en la que grandes maestros y artistas consagrados dialogar\u00e1n con aprendices y nuevos valores en un encuentro con charlas virtuales,\u00a0 homenajes y demostraciones en vivo, con el objetivo de difundir y promover el Filete Porte\u00f1o, patrimonio vivo de nuestra cultura y de\u00a0 la humanidad.<\/p><\/div><\/div><\/div><\/div><\/div><\/div><\/div><\/div><\/section><section class=\"elementor-section elementor-top-section elementor-element elementor-element-4020b43 elementor-section-boxed elementor-section-height-default elementor-section-height-default\" data-id=\"4020b43\" data-element_type=\"section\"><div class=\"elementor-container elementor-column-gap-default\"><div class=\"elementor-row\"><div class=\"elementor-column elementor-col-100 elementor-top-column elementor-element elementor-element-aa2b570\" data-id=\"aa2b570\" data-element_type=\"column\"><div class=\"elementor-column-wrap elementor-element-populated\"><div class=\"elementor-widget-wrap\"><div class=\"elementor-element elementor-element-62955d1 elementor-widget elementor-widget-spacer\" data-id=\"62955d1\" data-element_type=\"widget\" data-widget_type=\"spacer.default\"><div class=\"elementor-widget-container\"><div class=\"elementor-spacer\">\u00a0<\/div><\/div><\/div><\/div><\/div><\/div><\/div><\/div><\/section>\t\t\t\t\t\t\t\t<\/div>\n\t\t\t\t<\/div>\n\t\t\t\t\t<\/div>\n\t\t<\/div>\n\t\t\t\t\t<\/div>\n\t\t<\/section>\n\t\t\t\t<\/div>\n\t\t","protected":false},"excerpt":{"rendered":"<p>Qu\u00e9 es el Encuentro de Fileteadores El encuentro de Fileteadores\u00a0es un evento anual que fue concebido con el fin de celebrar nuestro oficio, generando un espacio de intercambio entre maestros y disc\u00edpulos del Filete Porte\u00f1o. Adem\u00e1s de exponer obras, dando muestras de las diferentes etapas en el proceso y evoluci\u00f3n de los fileteadores, se convoca [&hellip;]<\/p>\n","protected":false},"author":1,"featured_media":0,"parent":0,"menu_order":0,"comment_status":"closed","ping_status":"closed","template":"","meta":{"_monsterinsights_skip_tracking":false,"_monsterinsights_sitenote_active":false,"_monsterinsights_sitenote_note":"","_monsterinsights_sitenote_category":0,"footnotes":""},"class_list":["post-15","page","type-page","status-publish","hentry"],"_links":{"self":[{"href":"https:\/\/asociacionfileteadores.com\/decimoencuentro-1\/index.php\/wp-json\/wp\/v2\/pages\/15","targetHints":{"allow":["GET"]}}],"collection":[{"href":"https:\/\/asociacionfileteadores.com\/decimoencuentro-1\/index.php\/wp-json\/wp\/v2\/pages"}],"about":[{"href":"https:\/\/asociacionfileteadores.com\/decimoencuentro-1\/index.php\/wp-json\/wp\/v2\/types\/page"}],"author":[{"embeddable":true,"href":"https:\/\/asociacionfileteadores.com\/decimoencuentro-1\/index.php\/wp-json\/wp\/v2\/users\/1"}],"replies":[{"embeddable":true,"href":"https:\/\/asociacionfileteadores.com\/decimoencuentro-1\/index.php\/wp-json\/wp\/v2\/comments?post=15"}],"version-history":[{"count":13,"href":"https:\/\/asociacionfileteadores.com\/decimoencuentro-1\/index.php\/wp-json\/wp\/v2\/pages\/15\/revisions"}],"predecessor-version":[{"id":2059,"href":"https:\/\/asociacionfileteadores.com\/decimoencuentro-1\/index.php\/wp-json\/wp\/v2\/pages\/15\/revisions\/2059"}],"wp:attachment":[{"href":"https:\/\/asociacionfileteadores.com\/decimoencuentro-1\/index.php\/wp-json\/wp\/v2\/media?parent=15"}],"curies":[{"name":"wp","href":"https:\/\/api.w.org\/{rel}","templated":true}]}}