{"id":889,"date":"2021-09-08T16:10:19","date_gmt":"2021-09-08T16:10:19","guid":{"rendered":"https:\/\/asociacionfileteadores.com\/decimoencuentro-1\/?page_id=889"},"modified":"2021-09-08T16:10:19","modified_gmt":"2021-09-08T16:10:19","slug":"programacion-dia-a-dia","status":"publish","type":"page","link":"https:\/\/asociacionfileteadores.com\/decimoencuentro-1\/index.php\/programacion-dia-a-dia\/","title":{"rendered":"Programaci\u00f3n d\u00eda a d\u00eda"},"content":{"rendered":"","protected":false},"excerpt":{"rendered":"","protected":false},"author":1,"featured_media":0,"parent":0,"menu_order":0,"comment_status":"closed","ping_status":"closed","template":"","meta":{"_monsterinsights_skip_tracking":false,"_monsterinsights_sitenote_active":false,"_monsterinsights_sitenote_note":"","_monsterinsights_sitenote_category":0,"footnotes":""},"class_list":["post-889","page","type-page","status-publish","hentry"],"_links":{"self":[{"href":"https:\/\/asociacionfileteadores.com\/decimoencuentro-1\/index.php\/wp-json\/wp\/v2\/pages\/889","targetHints":{"allow":["GET"]}}],"collection":[{"href":"https:\/\/asociacionfileteadores.com\/decimoencuentro-1\/index.php\/wp-json\/wp\/v2\/pages"}],"about":[{"href":"https:\/\/asociacionfileteadores.com\/decimoencuentro-1\/index.php\/wp-json\/wp\/v2\/types\/page"}],"author":[{"embeddable":true,"href":"https:\/\/asociacionfileteadores.com\/decimoencuentro-1\/index.php\/wp-json\/wp\/v2\/users\/1"}],"replies":[{"embeddable":true,"href":"https:\/\/asociacionfileteadores.com\/decimoencuentro-1\/index.php\/wp-json\/wp\/v2\/comments?post=889"}],"version-history":[{"count":1,"href":"https:\/\/asociacionfileteadores.com\/decimoencuentro-1\/index.php\/wp-json\/wp\/v2\/pages\/889\/revisions"}],"predecessor-version":[{"id":891,"href":"https:\/\/asociacionfileteadores.com\/decimoencuentro-1\/index.php\/wp-json\/wp\/v2\/pages\/889\/revisions\/891"}],"wp:attachment":[{"href":"https:\/\/asociacionfileteadores.com\/decimoencuentro-1\/index.php\/wp-json\/wp\/v2\/media?parent=889"}],"curies":[{"name":"wp","href":"https:\/\/api.w.org\/{rel}","templated":true}]}}